{"id":31472,"date":"2026-05-11T09:41:45","date_gmt":"2026-05-11T07:41:45","guid":{"rendered":"https:\/\/dooms-agri.be\/produit\/faneuse-kuhn-gf-5903-neuve-de-stock\/"},"modified":"2026-05-11T09:54:49","modified_gmt":"2026-05-11T07:54:49","slug":"faneuse-kuhn-gf-5903-neuve-de-stock","status":"publish","type":"product","link":"https:\/\/dooms-agri.be\/nl\/product\/faneuse-kuhn-gf-5903-neuve-de-stock\/","title":{"rendered":"Faneuse KUHN GF 5903 \u2013 NEUVE DE STOCK"},"content":{"rendered":"<p><img loading=\"lazy\" class=\"alignnone size-medium wp-image-31459\" src=\"https:\/\/dooms-agri.be\/wp-content\/uploads\/2026\/01\/IMG_2985-2.heic\" alt=\"\" width=\"1\" height=\"1\" \/><br \/>\n<img loading=\"lazy\" class=\"alignnone size-medium wp-image-31459\" src=\"https:\/\/dooms-agri.be\/wp-content\/uploads\/2026\/01\/IMG_2985-2.heic\" alt=\"\" width=\"1\" height=\"1\" \/>Nouvelle KUHN GF 5903 imm\u00e9diatement disponible de stock. Faneuse compacte et performante assurant une r\u00e9partition homog\u00e8ne du fourrage et un s\u00e9chage rapide. Id\u00e9ale pour les travaux de fenaison professionnels.<\/p>\n<p>Caract\u00e9ristiques techniques :<\/p>\n<p>Largeur de travail : 5,90 m<br \/>\n6 rotors haute performance<br \/>\nDents DURASTAR robustes et longue dur\u00e9e de vie<br \/>\nExcellente adaptation au terrain<br \/>\nR\u00e9partition r\u00e9guli\u00e8re du fourrage<br \/>\nR\u00e9glage hydraulique de l&#8217;angle<br \/>\nEntra\u00eenement fiable et sans entretien intensif<br \/>\nRepliage hydraulique pour le transport<br \/>\nFormat compact et stable sur route<br \/>\nPrise de force 540 tr\/min<br \/>\nConstruction KUHN solide et durable<br \/>\nMachine neuve \u2013 disponible imm\u00e9diatement<\/p>\n<p>Machine visible sur place et disponible imm\u00e9diatement pour enl\u00e8vement.<br \/>\nPrix sur demande \u2013 contactez-nous pour plus d\u2019informations ou une offre.<\/p>\n","protected":false},"excerpt":{"rendered":"<p>Largeur de travail : 5,90 m<\/p>\n","protected":false},"featured_media":31471,"template":"","meta":[],"_links":{"self":[{"href":"https:\/\/dooms-agri.be\/nl\/wp-json\/wp\/v2\/product\/31472"}],"collection":[{"href":"https:\/\/dooms-agri.be\/nl\/wp-json\/wp\/v2\/product"}],"about":[{"href":"https:\/\/dooms-agri.be\/nl\/wp-json\/wp\/v2\/types\/product"}],"wp:featuredmedia":[{"embeddable":true,"href":"https:\/\/dooms-agri.be\/nl\/wp-json\/wp\/v2\/media\/31471"}],"wp:attachment":[{"href":"https:\/\/dooms-agri.be\/nl\/wp-json\/wp\/v2\/media?parent=31472"}],"curies":[{"name":"wp","href":"https:\/\/api.w.org\/{rel}","templated":true}]}}