{"id":31313,"date":"2025-10-02T13:47:43","date_gmt":"2025-10-02T11:47:43","guid":{"rendered":"https:\/\/dooms-agri.be\/?post_type=product&#038;p=31313"},"modified":"2025-10-02T13:47:44","modified_gmt":"2025-10-02T11:47:44","slug":"bineuse-carre","status":"publish","type":"product","link":"https:\/\/dooms-agri.be\/nl\/produit\/bineuse-carre\/","title":{"rendered":"Bineuse Carr\u00e9"},"content":{"rendered":"<p>A vendre pour compte client:<br \/>\nBineuse Carr\u00e9 4, 6 &amp; 8 rangs Ma\u00efs<br \/>\nAvec interface<br \/>\nPalpeurs<br \/>\nSi\u00e8ge + boitier correcteur<br \/>\nRepliage hydraulique (4-8) + manuel pour les \u00e9l\u00e9ments d&#8217;extremit\u00e9 (8-6)<br \/>\nCoeur de 200 mm<br \/>\nDisques Prot\u00e8ge Plants<br \/>\nEclairage &amp; signalisations<\/p>\n","protected":false},"excerpt":{"rendered":"<p>Schoffelmachine CARRE<\/p>\n<p>4,6 &amp; 8 rijen Ma\u00efs<\/p>\n<p>met interface (tussenstuk)<\/p>\n<p>Voelers + correctiebox hydraulisch bediend<\/p>\n<p>Hydraulisch toeplooien (4-8)<\/p>\n<p>+ manueel toeplooien voor de uiteindes (6-8)<\/p>\n<p>punten van 200 mm<\/p>\n<p>schijven ter bescherming van planten<\/p>\n<p>verlichting + signalisatie borden<\/p>\n<p>&nbsp;<\/p>\n<p>&nbsp;<\/p>\n","protected":false},"featured_media":31314,"template":"","meta":[],"_links":{"self":[{"href":"https:\/\/dooms-agri.be\/nl\/wp-json\/wp\/v2\/product\/31313"}],"collection":[{"href":"https:\/\/dooms-agri.be\/nl\/wp-json\/wp\/v2\/product"}],"about":[{"href":"https:\/\/dooms-agri.be\/nl\/wp-json\/wp\/v2\/types\/product"}],"wp:featuredmedia":[{"embeddable":true,"href":"https:\/\/dooms-agri.be\/nl\/wp-json\/wp\/v2\/media\/31314"}],"wp:attachment":[{"href":"https:\/\/dooms-agri.be\/nl\/wp-json\/wp\/v2\/media?parent=31313"}],"curies":[{"name":"wp","href":"https:\/\/api.w.org\/{rel}","templated":true}]}}